{"id":34,"date":"2013-09-22T23:22:36","date_gmt":"2013-09-22T21:22:36","guid":{"rendered":"http:\/\/masior.at.w010c594.kasserver.com\/?page_id=34"},"modified":"2021-04-08T10:32:04","modified_gmt":"2021-04-08T08:32:04","slug":"impressum","status":"publish","type":"page","link":"https:\/\/masior.at\/?page_id=34","title":{"rendered":"Impressum"},"content":{"rendered":"<p style=\"text-align: center;\">MASIOR e.U.<br \/>\nSabrina Masior<br \/>\n1030 Wien<br \/>\nT +43 699 195 21 311<br \/>\nE mail@masior.at<\/p>\n<p style=\"text-align: center;\">Firmensitz: 1030 Wien<\/p>\n<p style=\"text-align: center;\">Rechtsform: eingetragene Unternehmerin<br \/>\nFirmenbuchnummer: FN378945y<br \/>\nFirmenbuchgericht: Handelsgericht Wien<br \/>\nUID-Nr.: ATU 67222739<\/p>\n<p style=\"text-align: center;\">_____________________________________________________________<\/p>\n<h3 style=\"text-align: center;\">GOOGLE NUTZERBEDINGUNG<\/h3>\n<p style=\"text-align: center;\">Diese Website benutzt Google Analytics, einen Webanalysedienst der Google Inc. (\u201eGoogle\u201c). Google Analytics verwendet sog. \u201eCookies\u201c, Textdateien, die auf Ihrem Computer gespeichert werden und die eine Analyse der Benutzung der Website durch Sie erm\u00f6glichen. Die durch den Cookie erzeugten Informationen \u00fcber Ihre Benutzung dieser Website (einschlie\u00dflich Ihrer IP-Adresse) wird an einen Server von Google in den USA \u00fcbertragen und dort gespeichert. Google wird diese Informationen benutzen, um Ihre Nutzung der Website auszuwerten, um Reports \u00fcber die Websiteaktivit\u00e4ten f\u00fcr die Websitebetreiber zusammenzustellen und um weitere mit der Websitenutzung und der Internetnutzung verbundene Dienstleistungen zu erbringen. Auch wird Google diese Informationen gegebenenfalls an Dritte \u00fcbertragen, sofern dies gesetzlich vorgeschrieben oder soweit Dritte diese Daten im Auftrag von Google verarbeiten. Google wird in keinem Fall Ihre IP-Adresse mit anderen Daten von Google in Verbindung bringen. Sie k\u00f6nnen die Installation der Cookies durch eine entsprechende Einstellung Ihrer Browser Software verhindern; wir weisen Sie jedoch darauf hin, dass Sie in diesem Fall gegebenenfalls nicht s\u00e4mtliche Funktionen dieser Website vollumf\u00e4nglich nutzen k\u00f6nnen. Durch die Nutzung dieser Website erkl\u00e4ren Sie sich mit der Bearbeitung der \u00fcber Sie erhobenen Daten durch Google in der zuvor beschriebenen Art und Weise und zu dem zuvor benannten Zweck einverstanden.<\/p>\n<h3 style=\"text-align: center;\">GOOGLE ANALYTICS<\/h3>\n<p style=\"text-align: center;\">This website uses Google Analytics, a web analytics service provided by Google, Inc. (\u201cGoogle\u201d). Google Analytics uses \u201ccookies\u201d, which are text files placed on your computer, to help the website analyze how users use the site. The information generated by the cookie about your use of the website (including your IP address) will be transmitted to and stored by Google on servers in the United States . Google will use this information for the purpose of evaluating your use of the website, compiling reports on website activity for website operators and providing other services relating to website activity and internet usage. Google may also transfer this information to third parties where required to do so by law, or where such third parties process the information on Google\u2019s behalf. Google will not associate your IP address with any other data held by Google. You may refuse the use of cookies by selecting the appropriate settings on your browser, however please note that if you do this you may not be able to use the full functionality of this website. By using this website, you consent to the processing of data about you by Google in the manner and for the purposes set out above.<\/p>\n<h3 style=\"text-align: center;\">ERKL\u00c4RUNG ZUM DATENSCHUTZ<\/h3>\n<p style=\"text-align: center;\">Wenn Sie unsere Webseiten besuchen, erheben wir zu statistischen Zwecken folgende Zugriffsinformationen: Internetadresse \/ Hostname, Datum und Zeitpunkt des Zugriffs, Serveranfrage, Zugriffsstatus, Dateigr\u00f6\u00dfe, Browserversion, Zugriffsherkunft. Diese Daten dienen zur Auswertung und Verbesserung unseres Internetservices und werden nicht an Dritte weitergegeben. Durch Nutzung dieser Website erkl\u00e4ren Sie ausdr\u00fccklich Ihre Einwilligung zu Speicherung und Auswertung dieser Zugriffsinformationen.<br \/>\nDar\u00fcber hinaus werden pers\u00f6nliche Daten nur dann gespeichert, wenn Sie uns diese von sich aus, z.B. im Rahmen eines Preisausschreibens, zur Kontaktaufnahme etc. \u00fcbermitteln. Eine Weitergabe an Dritte erfolgt nicht. Durch Absenden der entsprechenden Eingabeformulare erkl\u00e4ren Sie sich mit den hier aufgef\u00fchrten Bestimmungen einverstanden.<\/p>\n<h3 style=\"text-align: center;\">HAFTUNGSAUSSCHLUSS<\/h3>\n<p style=\"text-align: center;\">Bei direkten oder indirekten Verweisen auf fremde Webseiten (\u201cHyperlinks\u201d), die au\u00dferhalb des Verantwortungsbereiches des Autors liegen, w\u00fcrde eine Haftungsverpflichtung ausschlie\u00dflich in dem Fall in Kraft treten, in dem der Autor von den Inhalten Kenntnis hat und es ihm technisch m\u00f6glich und zumutbar w\u00e4re, die Nutzung im Falle rechtswidriger Inhalte zu verhindern.<br \/>\nDer Autor erkl\u00e4rt hiermit ausdr\u00fccklich, dass zum Zeitpunkt der Linksetzung keine illegalen Inhalte auf den zu verlinkenden Seiten erkennbar waren. Auf die aktuelle und zuk\u00fcnftige Gestaltung, die Inhalte oder die Urheberschaft der gelinkten\/verkn\u00fcpften Seiten hat der Autor keinerlei Einfluss. Deshalb distanziert er sich hiermit ausdr\u00fccklich von allen Inhalten aller gelinkten \/verkn\u00fcpften Seiten, die nach der Linksetzung ver\u00e4ndert wurden. Diese Feststellung gilt f\u00fcr alle innerhalb des eigenen Internetangebotes gesetzten Links und Verweise sowie f\u00fcr Fremdeintr\u00e4ge in vom Autor eingerichteten G\u00e4steb\u00fcchern, Diskussionsforen und Mailinglisten. F\u00fcr illegale, fehlerhafte oder unvollst\u00e4ndige Inhalte und insbesondere f\u00fcr Sch\u00e4den, die aus der Nutzung oder Nichtnutzung solcherart dargebotener Informationen entstehen, haftet allein der Anbieter der Seite, auf welche verwiesen wurde, nicht derjenige, der \u00fcber Links auf die jeweilige Ver\u00f6ffentlichung lediglich verweist.<\/p>\n","protected":false},"excerpt":{"rendered":"<p>MASIOR e.U. Sabrina Masior 1030 Wien T +43 699 195 21 311 E mail@masior.at Firmensitz: 1030 Wien Rechtsform: eingetragene Unternehmerin Firmenbuchnummer: FN378945y Firmenbuchgericht: Handelsgericht Wien UID-Nr.: ATU 67222739 _____________________________________________________________ GOOGLE NUTZERBEDINGUNG Diese Website benutzt Google Analytics, einen Webanalysedienst der Google Inc. (\u201eGoogle\u201c). Google Analytics verwendet sog. \u201eCookies\u201c, Textdateien, die auf Ihrem Computer gespeichert werden und [&hellip;]<\/p>\n","protected":false},"author":2,"featured_media":0,"parent":0,"menu_order":0,"comment_status":"closed","ping_status":"closed","template":"page-full.php","meta":{"footnotes":""},"class_list":["post-34","page","type-page","status-publish","hentry"],"_links":{"self":[{"href":"https:\/\/masior.at\/index.php?rest_route=\/wp\/v2\/pages\/34","targetHints":{"allow":["GET"]}}],"collection":[{"href":"https:\/\/masior.at\/index.php?rest_route=\/wp\/v2\/pages"}],"about":[{"href":"https:\/\/masior.at\/index.php?rest_route=\/wp\/v2\/types\/page"}],"author":[{"embeddable":true,"href":"https:\/\/masior.at\/index.php?rest_route=\/wp\/v2\/users\/2"}],"replies":[{"embeddable":true,"href":"https:\/\/masior.at\/index.php?rest_route=%2Fwp%2Fv2%2Fcomments&post=34"}],"version-history":[{"count":14,"href":"https:\/\/masior.at\/index.php?rest_route=\/wp\/v2\/pages\/34\/revisions"}],"predecessor-version":[{"id":63,"href":"https:\/\/masior.at\/index.php?rest_route=\/wp\/v2\/pages\/34\/revisions\/63"}],"wp:attachment":[{"href":"https:\/\/masior.at\/index.php?rest_route=%2Fwp%2Fv2%2Fmedia&parent=34"}],"curies":[{"name":"wp","href":"https:\/\/api.w.org\/{rel}","templated":true}]}}